{"id":13738,"date":"2023-02-27T07:24:32","date_gmt":"2023-02-27T06:24:32","guid":{"rendered":"https:\/\/carthageland.crystaleez.tn\/tunis\/?page_id=13738"},"modified":"2023-04-28T08:34:34","modified_gmt":"2023-04-28T06:34:34","slug":"maya-kids","status":"publish","type":"page","link":"http:\/\/tunis.carthageland.com\/fr\/parcs-et-attractions\/maya-kids\/","title":{"rendered":"Maya Kids"},"content":{"rendered":"\t\t<div data-elementor-type=\"wp-page\" data-elementor-id=\"13738\" class=\"elementor elementor-13738\">\n\t\t\t\t\t\t\t\t\t<section class=\"elementor-section elementor-top-section elementor-element elementor-element-b9d96a4 tm-bgcolor-white elementor-section-stretched tm-column-break-ipad-no tm-col-stretched-none elementor-section-boxed elementor-section-height-default elementor-section-height-default\" data-id=\"b9d96a4\" data-element_type=\"section\" data-settings=\"{&quot;stretch_section&quot;:&quot;section-stretched&quot;,&quot;sa_eqh_enable&quot;:&quot;yes&quot;,&quot;sa_eqh_apply_elements&quot;:&quot;widgets&quot;,&quot;sa_eqh_css_property&quot;:&quot;height&quot;,&quot;sa_eqh_disable_on_tablet&quot;:&quot;no&quot;,&quot;sa_eqh_disable_on_mobile&quot;:&quot;yes&quot;,&quot;ekit_has_onepagescroll_dot&quot;:&quot;yes&quot;}\">\n\t\t\t\t\t\t\t<div class=\"elementor-background-overlay\"><\/div>\n\t\t\t\t\t\t\t<div class=\"elementor-container elementor-column-gap-default\">\n\t\t\t\t\t<div class=\"elementor-column elementor-col-100 elementor-top-column elementor-element elementor-element-89732cd\" data-id=\"89732cd\" data-element_type=\"column\">\n\t\t\t<div class=\"elementor-widget-wrap elementor-element-populated\">\n\t\t\t\t\t\t\t\t<div class=\"elementor-element elementor-element-3e019ac ekit-equal-height-disable elementor-widget elementor-widget-elementskit-icon-box\" data-id=\"3e019ac\" data-element_type=\"widget\" data-settings=\"{&quot;ekit_we_effect_on&quot;:&quot;none&quot;}\" data-widget_type=\"elementskit-icon-box.default\">\n\t\t\t\t<div class=\"elementor-widget-container\">\n\t\t\t<div class=\"ekit-wid-con\" >        <!-- link opening -->\n                <a href=\"#\" target=\"_self\" rel=\"\" class=\"ekit_global_links\">\n                <!-- end link opening -->\n\n        <div class=\"elementskit-infobox text-center text- icon-top-align elementor-animation-   \">\n                            <div class=\"elementskit-box-header\">\n                <div class=\"elementskit-info-box-icon \">\n                    <img loading=\"lazy\" decoding=\"async\" width=\"1920\" height=\"1920\" src=\"https:\/\/tunis.carthageland.com\/wp-content\/uploads\/2023\/02\/maya-kids-icon-2.png\" class=\"attachment- size-\" alt=\"\" srcset=\"https:\/\/tunis.carthageland.com\/wp-content\/uploads\/2023\/02\/maya-kids-icon-2.png 1920w, https:\/\/tunis.carthageland.com\/wp-content\/uploads\/2023\/02\/maya-kids-icon-2-300x300.png 300w, https:\/\/tunis.carthageland.com\/wp-content\/uploads\/2023\/02\/maya-kids-icon-2-1024x1024.png 1024w, https:\/\/tunis.carthageland.com\/wp-content\/uploads\/2023\/02\/maya-kids-icon-2-150x150.png 150w, https:\/\/tunis.carthageland.com\/wp-content\/uploads\/2023\/02\/maya-kids-icon-2-1536x1536.png 1536w, https:\/\/tunis.carthageland.com\/wp-content\/uploads\/2023\/02\/maya-kids-icon-2-2048x2048.png 2048w, https:\/\/tunis.carthageland.com\/wp-content\/uploads\/2023\/02\/maya-kids-icon-2-20x20.png 20w, https:\/\/tunis.carthageland.com\/wp-content\/uploads\/2023\/02\/maya-kids-icon-2-650x650.png 650w\" sizes=\"auto, (max-width: 1920px) 100vw, 1920px\" \/>                <\/div>\n          <\/div>\n                <div class=\"box-body\">\n                            <h3 class=\"elementskit-info-box-title\">\n                    Maya Kids                <\/h3>\n                        \t\t  <p>Pour une journ\u00e9e fun et conviciale! plongez dans le monde de vos peits et vivez avec eux des moments de complicit\u00e9 dans nos parcs \u00e0 th\u00e8me interactifs parent-enfant!<\/p>\n                                <\/div>\n        \n        \n                <\/div>\n                <\/a>\n        <\/div>\t\t<\/div>\n\t\t\t\t<\/div>\n\t\t\t\t\t<\/div>\n\t\t<\/div>\n\t\t\t\t\t\t\t<\/div>\n\t\t<\/section>\n\t\t\t\t<section class=\"elementor-section elementor-top-section elementor-element elementor-element-67bb2ee tm-bgcolor-white elementor-section-stretched tm-column-break-ipad-no tm-col-stretched-none elementor-section-boxed elementor-section-height-default elementor-section-height-default\" data-id=\"67bb2ee\" data-element_type=\"section\" data-settings=\"{&quot;stretch_section&quot;:&quot;section-stretched&quot;,&quot;sa_eqh_enable&quot;:&quot;yes&quot;,&quot;sa_eqh_apply_elements&quot;:&quot;widgets&quot;,&quot;sa_eqh_css_property&quot;:&quot;height&quot;,&quot;sa_eqh_disable_on_tablet&quot;:&quot;no&quot;,&quot;sa_eqh_disable_on_mobile&quot;:&quot;yes&quot;,&quot;ekit_has_onepagescroll_dot&quot;:&quot;yes&quot;}\">\n\t\t\t\t\t\t\t<div class=\"elementor-background-overlay\"><\/div>\n\t\t\t\t\t\t\t<div class=\"elementor-container elementor-column-gap-default\">\n\t\t\t\t\t<div class=\"elementor-column elementor-col-100 elementor-top-column elementor-element elementor-element-b08a438\" data-id=\"b08a438\" data-element_type=\"column\">\n\t\t\t<div class=\"elementor-widget-wrap elementor-element-populated\">\n\t\t\t\t\t\t\t\t<div class=\"elementor-element elementor-element-2a650df tm-align-left elementor-widget elementor-widget-tm_tours_element\" data-id=\"2a650df\" data-element_type=\"widget\" data-settings=\"{&quot;ekit_we_effect_on&quot;:&quot;none&quot;}\" data-widget_type=\"tm_tours_element.default\">\n\t\t\t\t<div class=\"elementor-widget-container\">\n\t\t\t\n\t\t<div class=\"themetechmount-boxes themetechmount-boxes-tours themetechmount-element-toursbox-styleone themetechmount-boxes-view-default themetechmount-boxes-col-two themetechmount-boxes-gap-10px\" data-tm-show=\"-1\" data-tm-loop=\"1\" data-tm-autoplay=\"0\" data-tm-centermode=\"0\" data-tm-nav=\"\" data-tm-dots=\"\" data-tm-slidestoscroll=\"\" data-tm-autoplayspeed=\"4500\" data-tm-margin=\"10px\"><div class=\"themetechmount-boxes-inner\">\n\t\t\n\t\t\t<div class=\"themetechmount-box-heading-wrapper tm-boxwithout-heading\">\n\t\t\t\t<div class=\"tm-element-heading-content-wrapper left-align  tm-seperator-none  tm-heading-style-vertical \"><div class=\"tm-content-header\"><\/div><\/div>\t\t\t\t\t\t\t<\/div>\n\n\t\t\t<div class=\"themetechmount-boxes-row-wrapper row multi-columns-row\">\n\n\t\t\t<div class=\"tm-box-col-wrapper  maya-kids col-lg-6 col-sm-6 col-md-6 col-xs-12\"><article class=\"themetechmount-box themetechmount-box-tours themetechmount-tourbox-styleone\">\n\t<div class=\"themetechmount-post-item\">\n\t\t<div class=\"tm-featured-wrapper tm-tm_tours-featured-wrapper\"><a href=\"http:\/\/tunis.carthageland.com\/fr\/tours\/dancing-coaster\/\"><img loading=\"lazy\" decoding=\"async\" width=\"580\" height=\"705\" src=\"https:\/\/tunis.carthageland.com\/wp-content\/uploads\/2023\/02\/Dancing_coaster-580x705.jpg\" class=\"attachment-themetechmount-img-portfolio size-themetechmount-img-portfolio wp-post-image\" alt=\"\" data-id=\"13131\" \/><\/a><\/div>\t\t<div class=\"themetechmount-post-item-inner\">\n\t\t\t<div class=\"themetechmount-box-overlay\">\n\t\t\t\t<div class=\"themetechmount-box-content\">\t\n\t\t\t\t\t<div class=\"tm-tourbox-detials\">\n\t\t\t\t\t\t<div class=\"themetechmount-box-title\"><h4><a href=\"http:\/\/tunis.carthageland.com\/fr\/tours\/dancing-coaster\/\">Dancing coaster<\/a><\/h4><\/div>\t\t\t\t\t\t\t\n\t\t\t\t\t<\/div>\n\t\t\t\t\t<div class=\"themetechmount-tourbox-readmore\">\n\t\t\t\t\t\t<a href=\"http:\/\/tunis.carthageland.com\/fr\/tours\/dancing-coaster\/\">Lire la suite<\/a>\t\t\t\t\t<\/div>\n\t\t\t\t<\/div>\n\t\t\t<\/div>\n\t\t<\/div>\n\t<\/div>\n<\/article><\/div><div class=\"tm-box-col-wrapper  maya-kids col-lg-6 col-sm-6 col-md-6 col-xs-12\"><article class=\"themetechmount-box themetechmount-box-tours themetechmount-tourbox-styleone\">\n\t<div class=\"themetechmount-post-item\">\n\t\t<div class=\"tm-featured-wrapper tm-tm_tours-featured-wrapper\"><a href=\"http:\/\/tunis.carthageland.com\/fr\/tours\/maya-safari\/\"><img loading=\"lazy\" decoding=\"async\" width=\"580\" height=\"705\" src=\"https:\/\/tunis.carthageland.com\/wp-content\/uploads\/2023\/02\/Maya_Safari-580x705.jpg\" class=\"attachment-themetechmount-img-portfolio size-themetechmount-img-portfolio wp-post-image\" alt=\"\" data-id=\"13137\" \/><\/a><\/div>\t\t<div class=\"themetechmount-post-item-inner\">\n\t\t\t<div class=\"themetechmount-box-overlay\">\n\t\t\t\t<div class=\"themetechmount-box-content\">\t\n\t\t\t\t\t<div class=\"tm-tourbox-detials\">\n\t\t\t\t\t\t<div class=\"themetechmount-box-title\"><h4><a href=\"http:\/\/tunis.carthageland.com\/fr\/tours\/maya-safari\/\">Maya Safari<\/a><\/h4><\/div>\t\t\t\t\t\t\t\n\t\t\t\t\t<\/div>\n\t\t\t\t\t<div class=\"themetechmount-tourbox-readmore\">\n\t\t\t\t\t\t<a href=\"http:\/\/tunis.carthageland.com\/fr\/tours\/maya-safari\/\">Lire la suite<\/a>\t\t\t\t\t<\/div>\n\t\t\t\t<\/div>\n\t\t\t<\/div>\n\t\t<\/div>\n\t<\/div>\n<\/article><\/div>\n\t\t\t<\/div>\n\n\t\t\t<\/div><!-- .themetechmount-boxes-inner -->   <\/div><!-- .themetechmount-boxes -->  \t\t<\/div>\n\t\t\t\t<\/div>\n\t\t\t\t\t<\/div>\n\t\t<\/div>\n\t\t\t\t\t\t\t<\/div>\n\t\t<\/section>\n\t\t\t\t\t\t\t<\/div>\n\t\t","protected":false},"excerpt":{"rendered":"<p>Maya Kids Pour une journ\u00e9e fun et conviciale! plongez dans le monde de vos peits et vivez avec eux des moments de complicit\u00e9 dans nos parcs \u00e0 th\u00e8me interactifs parent-enfant! Maya Safari Read More Dancing coaster Read More<\/p>\n","protected":false},"author":2,"featured_media":0,"parent":13704,"menu_order":0,"comment_status":"closed","ping_status":"closed","template":"","meta":{"footnotes":""},"class_list":["post-13738","page","type-page","status-publish","hentry"],"_links":{"self":[{"href":"http:\/\/tunis.carthageland.com\/fr\/wp-json\/wp\/v2\/pages\/13738","targetHints":{"allow":["GET"]}}],"collection":[{"href":"http:\/\/tunis.carthageland.com\/fr\/wp-json\/wp\/v2\/pages"}],"about":[{"href":"http:\/\/tunis.carthageland.com\/fr\/wp-json\/wp\/v2\/types\/page"}],"author":[{"embeddable":true,"href":"http:\/\/tunis.carthageland.com\/fr\/wp-json\/wp\/v2\/users\/2"}],"replies":[{"embeddable":true,"href":"http:\/\/tunis.carthageland.com\/fr\/wp-json\/wp\/v2\/comments?post=13738"}],"version-history":[{"count":5,"href":"http:\/\/tunis.carthageland.com\/fr\/wp-json\/wp\/v2\/pages\/13738\/revisions"}],"predecessor-version":[{"id":14520,"href":"http:\/\/tunis.carthageland.com\/fr\/wp-json\/wp\/v2\/pages\/13738\/revisions\/14520"}],"up":[{"embeddable":true,"href":"http:\/\/tunis.carthageland.com\/fr\/wp-json\/wp\/v2\/pages\/13704"}],"wp:attachment":[{"href":"http:\/\/tunis.carthageland.com\/fr\/wp-json\/wp\/v2\/media?parent=13738"}],"curies":[{"name":"wp","href":"https:\/\/api.w.org\/{rel}","templated":true}]}}