{"id":13729,"date":"2023-02-27T07:21:22","date_gmt":"2023-02-27T06:21:22","guid":{"rendered":"https:\/\/carthageland.crystaleez.tn\/tunis\/?page_id=13729"},"modified":"2023-04-28T08:34:42","modified_gmt":"2023-04-28T06:34:42","slug":"maya-park","status":"publish","type":"page","link":"https:\/\/tunis.carthageland.com\/fr\/parcs-et-attractions\/maya-park\/","title":{"rendered":"Maya Park"},"content":{"rendered":"\t\t<div data-elementor-type=\"wp-page\" data-elementor-id=\"13729\" class=\"elementor elementor-13729\">\n\t\t\t\t\t\t\t\t\t<section class=\"elementor-section elementor-top-section elementor-element elementor-element-b9d96a4 tm-bgcolor-white elementor-section-stretched tm-column-break-ipad-no tm-col-stretched-none elementor-section-boxed elementor-section-height-default elementor-section-height-default\" data-id=\"b9d96a4\" data-element_type=\"section\" data-settings=\"{&quot;stretch_section&quot;:&quot;section-stretched&quot;,&quot;sa_eqh_enable&quot;:&quot;yes&quot;,&quot;sa_eqh_apply_elements&quot;:&quot;widgets&quot;,&quot;sa_eqh_css_property&quot;:&quot;height&quot;,&quot;sa_eqh_disable_on_tablet&quot;:&quot;no&quot;,&quot;sa_eqh_disable_on_mobile&quot;:&quot;yes&quot;,&quot;ekit_has_onepagescroll_dot&quot;:&quot;yes&quot;}\">\n\t\t\t\t\t\t\t<div class=\"elementor-background-overlay\"><\/div>\n\t\t\t\t\t\t\t<div class=\"elementor-container elementor-column-gap-default\">\n\t\t\t\t\t<div class=\"elementor-column elementor-col-100 elementor-top-column elementor-element elementor-element-89732cd\" data-id=\"89732cd\" data-element_type=\"column\">\n\t\t\t<div class=\"elementor-widget-wrap elementor-element-populated\">\n\t\t\t\t\t\t\t\t<div class=\"elementor-element elementor-element-3e019ac ekit-equal-height-disable elementor-widget elementor-widget-elementskit-icon-box\" data-id=\"3e019ac\" data-element_type=\"widget\" data-settings=\"{&quot;ekit_we_effect_on&quot;:&quot;none&quot;}\" data-widget_type=\"elementskit-icon-box.default\">\n\t\t\t\t<div class=\"elementor-widget-container\">\n\t\t\t<div class=\"ekit-wid-con\" >        <!-- link opening -->\n                <a href=\"#\" target=\"_self\" rel=\"\" class=\"ekit_global_links\">\n                <!-- end link opening -->\n\n        <div class=\"elementskit-infobox text-center text- icon-top-align elementor-animation-   \">\n                            <div class=\"elementskit-box-header\">\n                <div class=\"elementskit-info-box-icon \">\n                    <img loading=\"lazy\" decoding=\"async\" width=\"275\" height=\"225\" src=\"https:\/\/tunis.carthageland.com\/wp-content\/uploads\/2023\/02\/maya-park-1.png\" class=\"attachment- size-\" alt=\"\" srcset=\"https:\/\/tunis.carthageland.com\/wp-content\/uploads\/2023\/02\/maya-park-1.png 275w, https:\/\/tunis.carthageland.com\/wp-content\/uploads\/2023\/02\/maya-park-1-15x12.png 15w, https:\/\/tunis.carthageland.com\/wp-content\/uploads\/2023\/02\/maya-park-1-20x16.png 20w\" sizes=\"auto, (max-width: 275px) 100vw, 275px\" \/>                <\/div>\n          <\/div>\n                <div class=\"box-body\">\n                            <h3 class=\"elementskit-info-box-title\">\n                    Maya Park                <\/h3>\n                        \t\t  <p>C'est un parc qui vous permettra de r\u00e9aliser un voyage unique en son genre et explorer les aspects de l\u2019une des civilisations les plus fascinantes de l\u2019Am\u00e9rique pr\u00e9colombienne. Le parc est d\u00e9di\u00e9 aux jeunes et il est compos\u00e9 de trois attractions fantastiques, le Fun House, la Mirror Maze et le Dark Ride qui vous permettront de vivre une exp\u00e9rience des plus hilarantes.<\/p>\n                                <\/div>\n        \n        \n                <\/div>\n                <\/a>\n        <\/div>\t\t<\/div>\n\t\t\t\t<\/div>\n\t\t\t\t\t<\/div>\n\t\t<\/div>\n\t\t\t\t\t\t\t<\/div>\n\t\t<\/section>\n\t\t\t\t<section class=\"elementor-section elementor-top-section elementor-element elementor-element-67bb2ee tm-bgcolor-white elementor-section-stretched tm-column-break-ipad-no tm-col-stretched-none elementor-section-boxed elementor-section-height-default elementor-section-height-default\" data-id=\"67bb2ee\" data-element_type=\"section\" data-settings=\"{&quot;stretch_section&quot;:&quot;section-stretched&quot;,&quot;sa_eqh_enable&quot;:&quot;yes&quot;,&quot;sa_eqh_apply_elements&quot;:&quot;widgets&quot;,&quot;sa_eqh_css_property&quot;:&quot;height&quot;,&quot;sa_eqh_disable_on_tablet&quot;:&quot;no&quot;,&quot;sa_eqh_disable_on_mobile&quot;:&quot;yes&quot;,&quot;ekit_has_onepagescroll_dot&quot;:&quot;yes&quot;}\">\n\t\t\t\t\t\t\t<div class=\"elementor-background-overlay\"><\/div>\n\t\t\t\t\t\t\t<div class=\"elementor-container elementor-column-gap-default\">\n\t\t\t\t\t<div class=\"elementor-column elementor-col-100 elementor-top-column elementor-element elementor-element-b08a438\" data-id=\"b08a438\" data-element_type=\"column\">\n\t\t\t<div class=\"elementor-widget-wrap elementor-element-populated\">\n\t\t\t\t\t\t\t\t<div class=\"elementor-element elementor-element-2a650df tm-align-left elementor-widget elementor-widget-tm_tours_element\" data-id=\"2a650df\" data-element_type=\"widget\" data-settings=\"{&quot;ekit_we_effect_on&quot;:&quot;none&quot;}\" data-widget_type=\"tm_tours_element.default\">\n\t\t\t\t<div class=\"elementor-widget-container\">\n\t\t\t\n\t\t<div class=\"themetechmount-boxes themetechmount-boxes-tours themetechmount-element-toursbox-styleone themetechmount-boxes-view-default themetechmount-boxes-col-three themetechmount-boxes-gap-10px\" data-tm-show=\"-1\" data-tm-loop=\"1\" data-tm-autoplay=\"0\" data-tm-centermode=\"0\" data-tm-nav=\"\" data-tm-dots=\"\" data-tm-slidestoscroll=\"\" data-tm-autoplayspeed=\"4500\" data-tm-margin=\"10px\"><div class=\"themetechmount-boxes-inner\">\n\t\t\n\t\t\t<div class=\"themetechmount-box-heading-wrapper tm-boxwithout-heading\">\n\t\t\t\t<div class=\"tm-element-heading-content-wrapper left-align  tm-seperator-none  tm-heading-style-vertical \"><div class=\"tm-content-header\"><\/div><\/div>\t\t\t\t\t\t\t<\/div>\n\n\t\t\t<div class=\"themetechmount-boxes-row-wrapper row multi-columns-row\">\n\n\t\t\t<div class=\"tm-box-col-wrapper  maya-park col-lg-4 col-sm-6 col-md-4 col-xs-12\"><article class=\"themetechmount-box themetechmount-box-tours themetechmount-tourbox-styleone\">\n\t<div class=\"themetechmount-post-item\">\n\t\t<div class=\"tm-featured-wrapper tm-tm_tours-featured-wrapper\"><a href=\"https:\/\/tunis.carthageland.com\/fr\/tours\/mirror-maze\/\"><img loading=\"lazy\" decoding=\"async\" width=\"580\" height=\"705\" src=\"https:\/\/tunis.carthageland.com\/wp-content\/uploads\/2023\/02\/mirror-maze-580x705.jpg\" class=\"attachment-themetechmount-img-portfolio size-themetechmount-img-portfolio wp-post-image\" alt=\"\" data-id=\"13156\" \/><\/a><\/div>\t\t<div class=\"themetechmount-post-item-inner\">\n\t\t\t<div class=\"themetechmount-box-overlay\">\n\t\t\t\t<div class=\"themetechmount-box-content\">\t\n\t\t\t\t\t<div class=\"tm-tourbox-detials\">\n\t\t\t\t\t\t<div class=\"themetechmount-box-title\"><h4><a href=\"https:\/\/tunis.carthageland.com\/fr\/tours\/mirror-maze\/\">Mirror Maze<\/a><\/h4><\/div>\t\t\t\t\t\t\t\n\t\t\t\t\t<\/div>\n\t\t\t\t\t<div class=\"themetechmount-tourbox-readmore\">\n\t\t\t\t\t\t<a href=\"https:\/\/tunis.carthageland.com\/fr\/tours\/mirror-maze\/\">Lire la suite<\/a>\t\t\t\t\t<\/div>\n\t\t\t\t<\/div>\n\t\t\t<\/div>\n\t\t<\/div>\n\t<\/div>\n<\/article><\/div><div class=\"tm-box-col-wrapper  maya-park col-lg-4 col-sm-6 col-md-4 col-xs-12\"><article class=\"themetechmount-box themetechmount-box-tours themetechmount-tourbox-styleone\">\n\t<div class=\"themetechmount-post-item\">\n\t\t<div class=\"tm-featured-wrapper tm-tm_tours-featured-wrapper\"><a href=\"https:\/\/tunis.carthageland.com\/fr\/tours\/dark-ride\/\"><img loading=\"lazy\" decoding=\"async\" width=\"580\" height=\"705\" src=\"https:\/\/tunis.carthageland.com\/wp-content\/uploads\/2023\/02\/Dark_Ride-1-580x705.jpg\" class=\"attachment-themetechmount-img-portfolio size-themetechmount-img-portfolio wp-post-image\" alt=\"\" data-id=\"13144\" \/><\/a><\/div>\t\t<div class=\"themetechmount-post-item-inner\">\n\t\t\t<div class=\"themetechmount-box-overlay\">\n\t\t\t\t<div class=\"themetechmount-box-content\">\t\n\t\t\t\t\t<div class=\"tm-tourbox-detials\">\n\t\t\t\t\t\t<div class=\"themetechmount-box-title\"><h4><a href=\"https:\/\/tunis.carthageland.com\/fr\/tours\/dark-ride\/\">Dark Ride<\/a><\/h4><\/div>\t\t\t\t\t\t\t\n\t\t\t\t\t<\/div>\n\t\t\t\t\t<div class=\"themetechmount-tourbox-readmore\">\n\t\t\t\t\t\t<a href=\"https:\/\/tunis.carthageland.com\/fr\/tours\/dark-ride\/\">Lire la suite<\/a>\t\t\t\t\t<\/div>\n\t\t\t\t<\/div>\n\t\t\t<\/div>\n\t\t<\/div>\n\t<\/div>\n<\/article><\/div><div class=\"tm-box-col-wrapper  maya-park col-lg-4 col-sm-6 col-md-4 col-xs-12\"><article class=\"themetechmount-box themetechmount-box-tours themetechmount-tourbox-styleone\">\n\t<div class=\"themetechmount-post-item\">\n\t\t<div class=\"tm-featured-wrapper tm-tm_tours-featured-wrapper\"><a href=\"https:\/\/tunis.carthageland.com\/fr\/tours\/fun-house\/\"><img loading=\"lazy\" decoding=\"async\" width=\"580\" height=\"705\" src=\"https:\/\/tunis.carthageland.com\/wp-content\/uploads\/2023\/02\/fun-house-580x705.jpg\" class=\"attachment-themetechmount-img-portfolio size-themetechmount-img-portfolio wp-post-image\" alt=\"\" data-id=\"13150\" \/><\/a><\/div>\t\t<div class=\"themetechmount-post-item-inner\">\n\t\t\t<div class=\"themetechmount-box-overlay\">\n\t\t\t\t<div class=\"themetechmount-box-content\">\t\n\t\t\t\t\t<div class=\"tm-tourbox-detials\">\n\t\t\t\t\t\t<div class=\"themetechmount-box-title\"><h4><a href=\"https:\/\/tunis.carthageland.com\/fr\/tours\/fun-house\/\">Fun House<\/a><\/h4><\/div>\t\t\t\t\t\t\t\n\t\t\t\t\t<\/div>\n\t\t\t\t\t<div class=\"themetechmount-tourbox-readmore\">\n\t\t\t\t\t\t<a href=\"https:\/\/tunis.carthageland.com\/fr\/tours\/fun-house\/\">Lire la suite<\/a>\t\t\t\t\t<\/div>\n\t\t\t\t<\/div>\n\t\t\t<\/div>\n\t\t<\/div>\n\t<\/div>\n<\/article><\/div>\n\t\t\t<\/div>\n\n\t\t\t<\/div><!-- .themetechmount-boxes-inner -->   <\/div><!-- .themetechmount-boxes -->  \t\t<\/div>\n\t\t\t\t<\/div>\n\t\t\t\t\t<\/div>\n\t\t<\/div>\n\t\t\t\t\t\t\t<\/div>\n\t\t<\/section>\n\t\t\t\t\t\t\t<\/div>\n\t\t","protected":false},"excerpt":{"rendered":"<p>Maya Park C&#8217;est un parc qui vous permettra de r\u00e9aliser un voyage unique en son genre et explorer les aspects de l\u2019une des civilisations les plus fascinantes de l\u2019Am\u00e9rique pr\u00e9colombienne. Le parc est d\u00e9di\u00e9 aux jeunes et il est compos\u00e9 de trois attractions fantastiques, le Fun House, la Mirror Maze et le Dark Ride qui &hellip; <a href=\"https:\/\/tunis.carthageland.com\/fr\/tours\/fun-house\/\" class=\"more-link\">Continue reading <span class=\"screen-reader-text\">Fun House<\/span><\/a><\/p>\n","protected":false},"author":2,"featured_media":0,"parent":13704,"menu_order":0,"comment_status":"closed","ping_status":"closed","template":"","meta":{"footnotes":""},"class_list":["post-13729","page","type-page","status-publish","hentry"],"_links":{"self":[{"href":"https:\/\/tunis.carthageland.com\/fr\/wp-json\/wp\/v2\/pages\/13729","targetHints":{"allow":["GET"]}}],"collection":[{"href":"https:\/\/tunis.carthageland.com\/fr\/wp-json\/wp\/v2\/pages"}],"about":[{"href":"https:\/\/tunis.carthageland.com\/fr\/wp-json\/wp\/v2\/types\/page"}],"author":[{"embeddable":true,"href":"https:\/\/tunis.carthageland.com\/fr\/wp-json\/wp\/v2\/users\/2"}],"replies":[{"embeddable":true,"href":"https:\/\/tunis.carthageland.com\/fr\/wp-json\/wp\/v2\/comments?post=13729"}],"version-history":[{"count":5,"href":"https:\/\/tunis.carthageland.com\/fr\/wp-json\/wp\/v2\/pages\/13729\/revisions"}],"predecessor-version":[{"id":14521,"href":"https:\/\/tunis.carthageland.com\/fr\/wp-json\/wp\/v2\/pages\/13729\/revisions\/14521"}],"up":[{"embeddable":true,"href":"https:\/\/tunis.carthageland.com\/fr\/wp-json\/wp\/v2\/pages\/13704"}],"wp:attachment":[{"href":"https:\/\/tunis.carthageland.com\/fr\/wp-json\/wp\/v2\/media?parent=13729"}],"curies":[{"name":"wp","href":"https:\/\/api.w.org\/{rel}","templated":true}]}}